{"id":830,"date":"2024-08-01T13:41:01","date_gmt":"2024-08-01T11:41:01","guid":{"rendered":"http:\/\/www.veterinariageneral.com\/web\/accesibilidad\/"},"modified":"2024-08-01T13:53:53","modified_gmt":"2024-08-01T11:53:53","slug":"accesibilidad","status":"publish","type":"page","link":"https:\/\/veterinariageneral.com\/es\/accesibilidad\/","title":{"rendered":"Accesibilidad"},"content":{"rendered":"\t\t<div data-elementor-type=\"wp-page\" data-elementor-id=\"830\" class=\"elementor elementor-830 elementor-823\" data-elementor-post-type=\"page\">\n\t\t\t\t<div class=\"elementor-element elementor-element-3f8b416 e-con-full e-flex e-con e-parent\" data-id=\"3f8b416\" data-element_type=\"container\">\n\t\t\t\t<div class=\"elementor-element elementor-element-847f96a elementor-widget elementor-widget-heading\" data-id=\"847f96a\" data-element_type=\"widget\" data-widget_type=\"heading.default\">\n\t\t\t\t<div class=\"elementor-widget-container\">\n\t\t\t<h2 class=\"elementor-heading-title elementor-size-default\">Declaraci\u00f3n de accesibilidad<\/h2>\t\t<\/div>\n\t\t\t\t<\/div>\n\t\t\t\t<div class=\"elementor-element elementor-element-6ca3f0b elementor-widget__width-initial elementor-widget elementor-widget-text-editor\" data-id=\"6ca3f0b\" data-element_type=\"widget\" data-widget_type=\"text-editor.default\">\n\t\t\t\t<div class=\"elementor-widget-container\">\n\t\t\t\t\t\t\tCl\u00ednica Veterin\u00e0ria General se ha comprometido a hacer accesible su sitio web de conformidad con el Real Decreto 1112\/2018, de 7 de septiembre. <br><br> La presente declaraci\u00f3n de accesibilidad se aplica a https:\/\/veterinariageneral.com\/ <br><br> Situaci\u00f3n de cumplimiento<br>Este sitio web es parcialmente conforme con el Real Decreto 1112\/2018, de 7 de septiembre, debido a la carencia de conformidad de los aspectos que se indican a continuaci\u00f3n. <br><br> Contenido no accesible<br>El contenido que se recoge a continuaci\u00f3n no es accesible por los siguientes motivos: <br><br> Falta de conformidad con el Real decreto 1112\/2018, de 7 de septiembre, debido a la falta de conformidad de los aspectos que se indican a continuaci\u00f3n. <br><br> Falta parcial del punto descrito en w3.org de im\u00e1genes de texto (Condicional) en algunas p\u00e1ginas. (https:\/\/www.w3.org\/TR\/WCAG\/#images-of-text)  <br><br> Falta parcial del punto descrito en w3.org de Teclado (Condicional) en algunas p\u00e1ginas. (https:\/\/www.w3.org\/TR\/WCAG\/#keyboard)  <br><br> Falta parcial del punto descrito en w3.org de Atajos de teclado (Condicional) en algunas p\u00e1ginas. (https:\/\/www.w3.org\/TR\/WCAG\/#character-key-shortcuts)  <br><br> Falta parcial del punto descrito en w3.org de orden del foco (Condicional) en algunas p\u00e1ginas. (https:\/\/www.w3.org\/TR\/WCAG\/#focus-order)  <br><br> Falta completa del punto descrito en w3.org de activaci\u00f3n mediante movimiento (Condicional) en algunas p\u00e1ginas. (https:\/\/www.w3.org\/TR\/WCAG\/#motion-actuation)  <br><br> Falta parcial del punto descrito en w3.org de recibir el foco (Condicional) en algunas p\u00e1ginas. (https:\/\/www.w3.org\/TR\/WCAG\/#on-focus)  <br><br> Falta completa del punto descrito en w3.org de los requisitos de conformidad de las Pautas WCAG (Condicional) en algunas p\u00e1ginas. <br><br> Preparaci\u00f3n de la presente declaraci\u00f3n de accesibilidad<br>La presente declaraci\u00f3n fue preparada el 01\/08\/2024. <br><br> El m\u00e9todo empleado para preparar la declaraci\u00f3n ha sido una autoevaluaci\u00f3n llevada a cabo por el propio organismo. <br><br> \u00daltima revisi\u00f3n de la declaraci\u00f3n: 1 de agosto de 2024. <br><br> Observaciones y datos de contacto<br>Puedes realizar comunicaciones sobre requisitos de accesibilidad (art\u00edculo 10.2.a) del Real decreto 1112\/2018, de 7 de septiembre como, por ejemplo: <br><br> Informar sobre cualquier posible incumplimiento por parte de este sitio web. <br><br> Transmitir otras dificultades de acceso al contenido. <br><br> Formular cualquier otra consulta o sugerencia de mejora relativa a la accesibilidad del sitio web. <br><br> A trav\u00e9s de la siguiente v\u00eda:<br><br>Correo electr\u00f3nico: info@veterinariageneral.com<br><br>Tambi\u00e9n puede solicitar en formato accesible informaci\u00f3n que no cumpla con los requisitos de accesibilidad, bien por estar excluida, bien por estar exenta por carga desproporcionada; o formular una queja por incumplimiento de los requisitos de accesibilidad. <br><br> Proceso de aplicaci\u00f3n<br>A trav\u00e9s de este proceso podr\u00e1s iniciar una reclamaci\u00f3n para conocer y oponerte a los motivos de la desestimaci\u00f3n de una solicitud de informaci\u00f3n accesible o queja, instar la adopci\u00f3n de las medidas oportunas en caso de no estar de de acuerdo con la decisi\u00f3n adoptada, o exponer las razones por las que se considera que la respuesta no cumple con los requisitos exigidos. <br><br> Enlace al proceso de reclamaci\u00f3n, que debe dirigir a la Unidad responsable de accesibilidad de este Ministerio, o si la reclamaci\u00f3n es por una actuaci\u00f3n de esta Unidad, al superior jer\u00e1rquico de la misma. \t\t\t\t\t\t<\/div>\n\t\t\t\t<\/div>\n\t\t\t\t<\/div>\n\t\t\t\t<\/div>\n\t\t","protected":false},"excerpt":{"rendered":"<p>Declaraci\u00f3n de accesibilidad Cl\u00ednica Veterin\u00e0ria General se ha comprometido a hacer accesible su sitio web de conformidad con el Real Decreto 1112\/2018, de 7 de septiembre. La presente declaraci\u00f3n de accesibilidad se aplica a https:\/\/veterinariageneral.com\/ Situaci\u00f3n de cumplimientoEste sitio web es parcialmente conforme con el Real Decreto 1112\/2018, de 7 de septiembre, debido a la [&hellip;]<\/p>\n","protected":false},"author":1,"featured_media":0,"parent":0,"menu_order":1,"comment_status":"closed","ping_status":"closed","template":"","meta":{"footnotes":""},"folder":[],"class_list":["post-830","page","type-page","status-publish","hentry"],"yoast_head":"<!-- This site is optimized with the Yoast SEO plugin v23.5 - https:\/\/yoast.com\/wordpress\/plugins\/seo\/ -->\n<title>Accesibilidad - Cl\u00ednica Veterin\u00e0ria General<\/title>\n<meta name=\"robots\" content=\"index, follow, max-snippet:-1, max-image-preview:large, max-video-preview:-1\" \/>\n<link rel=\"canonical\" href=\"https:\/\/veterinariageneral.com\/es\/accesibilidad\/\" \/>\n<meta property=\"og:locale\" content=\"es_ES\" \/>\n<meta property=\"og:type\" content=\"article\" \/>\n<meta property=\"og:title\" content=\"Accesibilidad - Cl\u00ednica Veterin\u00e0ria General\" \/>\n<meta property=\"og:description\" content=\"Declaraci\u00f3n de accesibilidad Cl\u00ednica Veterin\u00e0ria General se ha comprometido a hacer accesible su sitio web de conformidad con el Real Decreto 1112\/2018, de 7 de septiembre. La presente declaraci\u00f3n de accesibilidad se aplica a https:\/\/veterinariageneral.com\/ Situaci\u00f3n de cumplimientoEste sitio web es parcialmente conforme con el Real Decreto 1112\/2018, de 7 de septiembre, debido a la [&hellip;]\" \/>\n<meta property=\"og:url\" content=\"https:\/\/veterinariageneral.com\/es\/accesibilidad\/\" \/>\n<meta property=\"og:site_name\" content=\"Cl\u00ednica Veterin\u00e0ria General\" \/>\n<meta property=\"article:publisher\" content=\"https:\/\/www.facebook.com\/VeterinariaGeneral\/?locale=es_ES\" \/>\n<meta property=\"article:modified_time\" content=\"2024-08-01T11:53:53+00:00\" \/>\n<meta name=\"twitter:card\" content=\"summary_large_image\" \/>\n<meta name=\"twitter:label1\" content=\"Est. reading time\" \/>\n\t<meta name=\"twitter:data1\" content=\"3 minutes\" \/>\n<script type=\"application\/ld+json\" class=\"yoast-schema-graph\">{\"@context\":\"https:\/\/schema.org\",\"@graph\":[{\"@type\":\"WebPage\",\"@id\":\"https:\/\/veterinariageneral.com\/es\/accesibilidad\/\",\"url\":\"https:\/\/veterinariageneral.com\/es\/accesibilidad\/\",\"name\":\"Accesibilidad - Cl\u00ednica Veterin\u00e0ria General\",\"isPartOf\":{\"@id\":\"https:\/\/veterinariageneral.com\/es\/#website\"},\"datePublished\":\"2024-08-01T11:41:01+00:00\",\"dateModified\":\"2024-08-01T11:53:53+00:00\",\"breadcrumb\":{\"@id\":\"https:\/\/veterinariageneral.com\/es\/accesibilidad\/#breadcrumb\"},\"inLanguage\":\"ES\",\"potentialAction\":[{\"@type\":\"ReadAction\",\"target\":[\"https:\/\/veterinariageneral.com\/es\/accesibilidad\/\"]}]},{\"@type\":\"BreadcrumbList\",\"@id\":\"https:\/\/veterinariageneral.com\/es\/accesibilidad\/#breadcrumb\",\"itemListElement\":[{\"@type\":\"ListItem\",\"position\":1,\"name\":\"Inici\",\"item\":\"https:\/\/veterinariageneral.com\/es\/\"},{\"@type\":\"ListItem\",\"position\":2,\"name\":\"Accesibilidad\"}]},{\"@type\":\"WebSite\",\"@id\":\"https:\/\/veterinariageneral.com\/es\/#website\",\"url\":\"https:\/\/veterinariageneral.com\/es\/\",\"name\":\"Cl\u00ednica Veterin\u00e0ria General\",\"description\":\"\",\"publisher\":{\"@id\":\"https:\/\/veterinariageneral.com\/es\/#organization\"},\"potentialAction\":[{\"@type\":\"SearchAction\",\"target\":{\"@type\":\"EntryPoint\",\"urlTemplate\":\"https:\/\/veterinariageneral.com\/es\/?s={search_term_string}\"},\"query-input\":{\"@type\":\"PropertyValueSpecification\",\"valueRequired\":true,\"valueName\":\"search_term_string\"}}],\"inLanguage\":\"ES\"},{\"@type\":\"Organization\",\"@id\":\"https:\/\/veterinariageneral.com\/es\/#organization\",\"name\":\"Cl\u00ednica Veterin\u00e0ria General\",\"url\":\"https:\/\/veterinariageneral.com\/es\/\",\"logo\":{\"@type\":\"ImageObject\",\"inLanguage\":\"ES\",\"@id\":\"https:\/\/veterinariageneral.com\/es\/#\/schema\/logo\/image\/\",\"url\":\"https:\/\/veterinariageneral.com\/wp-content\/uploads\/2024\/05\/logo_CVGB_AZUL_1200x400_transparente.png\",\"contentUrl\":\"https:\/\/veterinariageneral.com\/wp-content\/uploads\/2024\/05\/logo_CVGB_AZUL_1200x400_transparente.png\",\"width\":1200,\"height\":484,\"caption\":\"Cl\u00ednica Veterin\u00e0ria General\"},\"image\":{\"@id\":\"https:\/\/veterinariageneral.com\/es\/#\/schema\/logo\/image\/\"},\"sameAs\":[\"https:\/\/www.facebook.com\/VeterinariaGeneral\/?locale=es_ES\",\"https:\/\/www.instagram.com\/vet_general\/\"]}]}<\/script>\n<!-- \/ Yoast SEO plugin. -->","yoast_head_json":{"title":"Accesibilidad - Cl\u00ednica Veterin\u00e0ria General","robots":{"index":"index","follow":"follow","max-snippet":"max-snippet:-1","max-image-preview":"max-image-preview:large","max-video-preview":"max-video-preview:-1"},"canonical":"https:\/\/veterinariageneral.com\/es\/accesibilidad\/","og_locale":"es_ES","og_type":"article","og_title":"Accesibilidad - Cl\u00ednica Veterin\u00e0ria General","og_description":"Declaraci\u00f3n de accesibilidad Cl\u00ednica Veterin\u00e0ria General se ha comprometido a hacer accesible su sitio web de conformidad con el Real Decreto 1112\/2018, de 7 de septiembre. La presente declaraci\u00f3n de accesibilidad se aplica a https:\/\/veterinariageneral.com\/ Situaci\u00f3n de cumplimientoEste sitio web es parcialmente conforme con el Real Decreto 1112\/2018, de 7 de septiembre, debido a la [&hellip;]","og_url":"https:\/\/veterinariageneral.com\/es\/accesibilidad\/","og_site_name":"Cl\u00ednica Veterin\u00e0ria General","article_publisher":"https:\/\/www.facebook.com\/VeterinariaGeneral\/?locale=es_ES","article_modified_time":"2024-08-01T11:53:53+00:00","twitter_card":"summary_large_image","twitter_misc":{"Est. reading time":"3 minutes"},"schema":{"@context":"https:\/\/schema.org","@graph":[{"@type":"WebPage","@id":"https:\/\/veterinariageneral.com\/es\/accesibilidad\/","url":"https:\/\/veterinariageneral.com\/es\/accesibilidad\/","name":"Accesibilidad - Cl\u00ednica Veterin\u00e0ria General","isPartOf":{"@id":"https:\/\/veterinariageneral.com\/es\/#website"},"datePublished":"2024-08-01T11:41:01+00:00","dateModified":"2024-08-01T11:53:53+00:00","breadcrumb":{"@id":"https:\/\/veterinariageneral.com\/es\/accesibilidad\/#breadcrumb"},"inLanguage":"ES","potentialAction":[{"@type":"ReadAction","target":["https:\/\/veterinariageneral.com\/es\/accesibilidad\/"]}]},{"@type":"BreadcrumbList","@id":"https:\/\/veterinariageneral.com\/es\/accesibilidad\/#breadcrumb","itemListElement":[{"@type":"ListItem","position":1,"name":"Inici","item":"https:\/\/veterinariageneral.com\/es\/"},{"@type":"ListItem","position":2,"name":"Accesibilidad"}]},{"@type":"WebSite","@id":"https:\/\/veterinariageneral.com\/es\/#website","url":"https:\/\/veterinariageneral.com\/es\/","name":"Cl\u00ednica Veterin\u00e0ria General","description":"","publisher":{"@id":"https:\/\/veterinariageneral.com\/es\/#organization"},"potentialAction":[{"@type":"SearchAction","target":{"@type":"EntryPoint","urlTemplate":"https:\/\/veterinariageneral.com\/es\/?s={search_term_string}"},"query-input":{"@type":"PropertyValueSpecification","valueRequired":true,"valueName":"search_term_string"}}],"inLanguage":"ES"},{"@type":"Organization","@id":"https:\/\/veterinariageneral.com\/es\/#organization","name":"Cl\u00ednica Veterin\u00e0ria General","url":"https:\/\/veterinariageneral.com\/es\/","logo":{"@type":"ImageObject","inLanguage":"ES","@id":"https:\/\/veterinariageneral.com\/es\/#\/schema\/logo\/image\/","url":"https:\/\/veterinariageneral.com\/wp-content\/uploads\/2024\/05\/logo_CVGB_AZUL_1200x400_transparente.png","contentUrl":"https:\/\/veterinariageneral.com\/wp-content\/uploads\/2024\/05\/logo_CVGB_AZUL_1200x400_transparente.png","width":1200,"height":484,"caption":"Cl\u00ednica Veterin\u00e0ria General"},"image":{"@id":"https:\/\/veterinariageneral.com\/es\/#\/schema\/logo\/image\/"},"sameAs":["https:\/\/www.facebook.com\/VeterinariaGeneral\/?locale=es_ES","https:\/\/www.instagram.com\/vet_general\/"]}]}},"_links":{"self":[{"href":"https:\/\/veterinariageneral.com\/es\/wp-json\/wp\/v2\/pages\/830","targetHints":{"allow":["GET"]}}],"collection":[{"href":"https:\/\/veterinariageneral.com\/es\/wp-json\/wp\/v2\/pages"}],"about":[{"href":"https:\/\/veterinariageneral.com\/es\/wp-json\/wp\/v2\/types\/page"}],"author":[{"embeddable":true,"href":"https:\/\/veterinariageneral.com\/es\/wp-json\/wp\/v2\/users\/1"}],"replies":[{"embeddable":true,"href":"https:\/\/veterinariageneral.com\/es\/wp-json\/wp\/v2\/comments?post=830"}],"version-history":[{"count":2,"href":"https:\/\/veterinariageneral.com\/es\/wp-json\/wp\/v2\/pages\/830\/revisions"}],"predecessor-version":[{"id":863,"href":"https:\/\/veterinariageneral.com\/es\/wp-json\/wp\/v2\/pages\/830\/revisions\/863"}],"wp:attachment":[{"href":"https:\/\/veterinariageneral.com\/es\/wp-json\/wp\/v2\/media?parent=830"}],"wp:term":[{"taxonomy":"folder","embeddable":true,"href":"https:\/\/veterinariageneral.com\/es\/wp-json\/wp\/v2\/folder?post=830"}],"curies":[{"name":"wp","href":"https:\/\/api.w.org\/{rel}","templated":true}]}}