{"id":758,"date":"2024-06-20T12:26:42","date_gmt":"2024-06-20T10:26:42","guid":{"rendered":"http:\/\/www.veterinariageneral.com\/web\/equipo\/"},"modified":"2024-07-24T21:14:14","modified_gmt":"2024-07-24T19:14:14","slug":"equipo","status":"publish","type":"page","link":"https:\/\/veterinariageneral.com\/es\/equipo\/","title":{"rendered":"Equipo"},"content":{"rendered":"\t\t<div data-elementor-type=\"wp-page\" data-elementor-id=\"758\" class=\"elementor elementor-758 elementor-217\" data-elementor-post-type=\"page\">\n\t\t\t\t<div class=\"elementor-element elementor-element-db871d5 e-con-full e-flex e-con e-parent\" data-id=\"db871d5\" data-element_type=\"container\">\n\t\t\t\t<div class=\"elementor-element elementor-element-577b9f9 elementor-widget__width-initial elementor-widget elementor-widget-heading\" data-id=\"577b9f9\" data-element_type=\"widget\" data-widget_type=\"heading.default\">\n\t\t\t\t<div class=\"elementor-widget-container\">\n\t\t\t<h2 class=\"elementor-heading-title elementor-size-default\">Conoce a los expertos que est\u00e1n aqu\u00ed para mantener a tus mascotas felices y saludables.<\/h2>\t\t<\/div>\n\t\t\t\t<\/div>\n\t\t\t\t<\/div>\n\t\t<div class=\"elementor-element elementor-element-b52cac0 e-con-full e-flex e-con e-parent\" data-id=\"b52cac0\" data-element_type=\"container\">\n\t\t<div class=\"elementor-element elementor-element-f59fa6e e-con-full e-flex e-con e-child\" data-id=\"f59fa6e\" data-element_type=\"container\" data-settings=\"{&quot;background_background&quot;:&quot;classic&quot;}\">\n\t\t\t\t<\/div>\n\t\t<div class=\"elementor-element elementor-element-c5afb6c e-con-full e-flex e-con e-child\" data-id=\"c5afb6c\" data-element_type=\"container\" data-settings=\"{&quot;background_background&quot;:&quot;classic&quot;}\">\n\t\t\t\t<div class=\"elementor-element elementor-element-e4e9037 elementor-widget elementor-widget-heading\" data-id=\"e4e9037\" data-element_type=\"widget\" data-widget_type=\"heading.default\">\n\t\t\t\t<div class=\"elementor-widget-container\">\n\t\t\t<h2 class=\"elementor-heading-title elementor-size-default\">Nausica Cornad\u00f3 Pascual<\/h2>\t\t<\/div>\n\t\t\t\t<\/div>\n\t\t\t\t<div class=\"elementor-element elementor-element-ee83923 elementor-widget elementor-widget-heading\" data-id=\"ee83923\" data-element_type=\"widget\" data-widget_type=\"heading.default\">\n\t\t\t\t<div class=\"elementor-widget-container\">\n\t\t\t<h2 class=\"elementor-heading-title elementor-size-default\">Ha realizado estancias y cursos en las Universidades de Estados Unidos en Misisipi e Illinois, Barcelona (UAB) y Zaragoza (Unizar). Adem\u00e1s ha estado en Hospitales en Melbourne (Australia) para especializarse en cirug\u00eda. <br><br> Asiste de forma regular a cursos y seminarios de peque\u00f1os animales y ex\u00f3ticos para mantener una formaci\u00f3n continuada. <br><br> Una de sus grandes aficiones es el canicross (correr con su perra Leeloo), el bikejoring (bici con el perro) y el skijoring (esqu\u00ed de fondo con el perro). Ganadora de los t\u00edtulos de Campeona de Catalu\u00f1a de Canicross sobre nieve, Tercera de Canicross sobre Tierra 2017-2018 y Campeona de la Liga Catalana 2017-2018 y Campinona de Espa\u00f1a de Skijoring 2017-2018.<\/h2>\t\t<\/div>\n\t\t\t\t<\/div>\n\t\t\t\t<\/div>\n\t\t\t\t<\/div>\n\t\t<div class=\"elementor-element elementor-element-11a1a8f e-con-full e-flex e-con e-parent\" data-id=\"11a1a8f\" data-element_type=\"container\">\n\t\t<div class=\"elementor-element elementor-element-2953405 e-con-full e-flex e-con e-child\" data-id=\"2953405\" data-element_type=\"container\" data-settings=\"{&quot;background_background&quot;:&quot;classic&quot;}\">\n\t\t\t\t<div class=\"elementor-element elementor-element-261e163 elementor-widget elementor-widget-heading\" data-id=\"261e163\" data-element_type=\"widget\" data-widget_type=\"heading.default\">\n\t\t\t\t<div class=\"elementor-widget-container\">\n\t\t\t<h2 class=\"elementor-heading-title elementor-size-default\">Maria Calder\u00f3n<\/h2>\t\t<\/div>\n\t\t\t\t<\/div>\n\t\t\t\t<div class=\"elementor-element elementor-element-42073e9 elementor-widget elementor-widget-heading\" data-id=\"42073e9\" data-element_type=\"widget\" data-widget_type=\"heading.default\">\n\t\t\t\t<div class=\"elementor-widget-container\">\n\t\t\t<h2 class=\"elementor-heading-title elementor-size-default\">Maria es la auxiliar de la cl\u00ednica. Ella podr\u00e1 asesoraros en todo tipo de productos y accesorios para sus perros, as\u00ed como juguetes mas adecuados para sus mascotas. La encontrareis en la recepci\u00f3n, en el quir\u00f3fano o como ayudante en la consulta. <br><br> Ella programar\u00e1 la agenda y dar\u00e1 cita para sus animales para evitar esperas innecesarias en la cl\u00ednica.<\/h2>\t\t<\/div>\n\t\t\t\t<\/div>\n\t\t\t\t<\/div>\n\t\t<div class=\"elementor-element elementor-element-64f3de0 e-con-full e-flex e-con e-child\" data-id=\"64f3de0\" data-element_type=\"container\" data-settings=\"{&quot;background_background&quot;:&quot;classic&quot;}\">\n\t\t\t\t<\/div>\n\t\t\t\t<\/div>\n\t\t<div class=\"elementor-element elementor-element-3d3c854 e-con-full e-flex e-con e-parent\" data-id=\"3d3c854\" data-element_type=\"container\">\n\t\t<div class=\"elementor-element elementor-element-bb2b3f3 e-con-full e-flex e-con e-child\" data-id=\"bb2b3f3\" data-element_type=\"container\">\n\t\t\t\t<div class=\"elementor-element elementor-element-ad209a1 elementor-widget elementor-widget-heading\" data-id=\"ad209a1\" data-element_type=\"widget\" data-widget_type=\"heading.default\">\n\t\t\t\t<div class=\"elementor-widget-container\">\n\t\t\t<h2 class=\"elementor-heading-title elementor-size-default\">Auxiliares y veterinarios en pr\u00e1cticas<\/h2>\t\t<\/div>\n\t\t\t\t<\/div>\n\t\t\t\t<div class=\"elementor-element elementor-element-5f59629 elementor-widget elementor-widget-heading\" data-id=\"5f59629\" data-element_type=\"widget\" data-widget_type=\"heading.default\">\n\t\t\t\t<div class=\"elementor-widget-container\">\n\t\t\t<h2 class=\"elementor-heading-title elementor-size-default\">A menudo tenemos veterinarios y auxiliares en pr\u00e1cticas que nos ayudan mucho en nuestro trabajo y estamos encantadas de formarlos.<\/h2>\t\t<\/div>\n\t\t\t\t<\/div>\n\t\t\t\t<\/div>\n\t\t<div class=\"elementor-element elementor-element-1e86936 e-con-full e-flex e-con e-child\" data-id=\"1e86936\" data-element_type=\"container\" data-settings=\"{&quot;background_background&quot;:&quot;classic&quot;}\">\n\t\t\t\t<\/div>\n\t\t\t\t<\/div>\n\t\t\t\t<\/div>\n\t\t","protected":false},"excerpt":{"rendered":"<p>Conoce a los expertos que est\u00e1n aqu\u00ed para mantener a tus mascotas felices y saludables. Nausica Cornad\u00f3 Pascual Ha realizado estancias y cursos en las Universidades de Estados Unidos en Misisipi e Illinois, Barcelona (UAB) y Zaragoza (Unizar). Adem\u00e1s ha estado en Hospitales en Melbourne (Australia) para especializarse en cirug\u00eda. Asiste de forma regular a [&hellip;]<\/p>\n","protected":false},"author":1,"featured_media":0,"parent":0,"menu_order":8,"comment_status":"closed","ping_status":"closed","template":"","meta":{"footnotes":""},"folder":[],"class_list":["post-758","page","type-page","status-publish","hentry"],"yoast_head":"<!-- This site is optimized with the Yoast SEO plugin v23.5 - https:\/\/yoast.com\/wordpress\/plugins\/seo\/ -->\n<title>Equipo - Cl\u00ednica Veterin\u00e0ria General<\/title>\n<meta name=\"robots\" content=\"index, follow, max-snippet:-1, max-image-preview:large, max-video-preview:-1\" \/>\n<link rel=\"canonical\" href=\"https:\/\/veterinariageneral.com\/es\/equipo\/\" \/>\n<meta property=\"og:locale\" content=\"es_ES\" \/>\n<meta property=\"og:type\" content=\"article\" \/>\n<meta property=\"og:title\" content=\"Equipo - Cl\u00ednica Veterin\u00e0ria General\" \/>\n<meta property=\"og:description\" content=\"Conoce a los expertos que est\u00e1n aqu\u00ed para mantener a tus mascotas felices y saludables. Nausica Cornad\u00f3 Pascual Ha realizado estancias y cursos en las Universidades de Estados Unidos en Misisipi e Illinois, Barcelona (UAB) y Zaragoza (Unizar). Adem\u00e1s ha estado en Hospitales en Melbourne (Australia) para especializarse en cirug\u00eda. Asiste de forma regular a [&hellip;]\" \/>\n<meta property=\"og:url\" content=\"https:\/\/veterinariageneral.com\/es\/equipo\/\" \/>\n<meta property=\"og:site_name\" content=\"Cl\u00ednica Veterin\u00e0ria General\" \/>\n<meta property=\"article:publisher\" content=\"https:\/\/www.facebook.com\/VeterinariaGeneral\/?locale=es_ES\" \/>\n<meta property=\"article:modified_time\" content=\"2024-07-24T19:14:14+00:00\" \/>\n<meta name=\"twitter:card\" content=\"summary_large_image\" \/>\n<meta name=\"twitter:label1\" content=\"Est. reading time\" \/>\n\t<meta name=\"twitter:data1\" content=\"1 minute\" \/>\n<script type=\"application\/ld+json\" class=\"yoast-schema-graph\">{\"@context\":\"https:\/\/schema.org\",\"@graph\":[{\"@type\":\"WebPage\",\"@id\":\"https:\/\/veterinariageneral.com\/es\/equipo\/\",\"url\":\"https:\/\/veterinariageneral.com\/es\/equipo\/\",\"name\":\"Equipo - Cl\u00ednica Veterin\u00e0ria General\",\"isPartOf\":{\"@id\":\"https:\/\/veterinariageneral.com\/es\/#website\"},\"datePublished\":\"2024-06-20T10:26:42+00:00\",\"dateModified\":\"2024-07-24T19:14:14+00:00\",\"breadcrumb\":{\"@id\":\"https:\/\/veterinariageneral.com\/es\/equipo\/#breadcrumb\"},\"inLanguage\":\"ES\",\"potentialAction\":[{\"@type\":\"ReadAction\",\"target\":[\"https:\/\/veterinariageneral.com\/es\/equipo\/\"]}]},{\"@type\":\"BreadcrumbList\",\"@id\":\"https:\/\/veterinariageneral.com\/es\/equipo\/#breadcrumb\",\"itemListElement\":[{\"@type\":\"ListItem\",\"position\":1,\"name\":\"Inici\",\"item\":\"https:\/\/veterinariageneral.com\/es\/\"},{\"@type\":\"ListItem\",\"position\":2,\"name\":\"Equipo\"}]},{\"@type\":\"WebSite\",\"@id\":\"https:\/\/veterinariageneral.com\/es\/#website\",\"url\":\"https:\/\/veterinariageneral.com\/es\/\",\"name\":\"Cl\u00ednica Veterin\u00e0ria General\",\"description\":\"\",\"publisher\":{\"@id\":\"https:\/\/veterinariageneral.com\/es\/#organization\"},\"potentialAction\":[{\"@type\":\"SearchAction\",\"target\":{\"@type\":\"EntryPoint\",\"urlTemplate\":\"https:\/\/veterinariageneral.com\/es\/?s={search_term_string}\"},\"query-input\":{\"@type\":\"PropertyValueSpecification\",\"valueRequired\":true,\"valueName\":\"search_term_string\"}}],\"inLanguage\":\"ES\"},{\"@type\":\"Organization\",\"@id\":\"https:\/\/veterinariageneral.com\/es\/#organization\",\"name\":\"Cl\u00ednica Veterin\u00e0ria General\",\"url\":\"https:\/\/veterinariageneral.com\/es\/\",\"logo\":{\"@type\":\"ImageObject\",\"inLanguage\":\"ES\",\"@id\":\"https:\/\/veterinariageneral.com\/es\/#\/schema\/logo\/image\/\",\"url\":\"https:\/\/veterinariageneral.com\/wp-content\/uploads\/2024\/05\/logo_CVGB_AZUL_1200x400_transparente.png\",\"contentUrl\":\"https:\/\/veterinariageneral.com\/wp-content\/uploads\/2024\/05\/logo_CVGB_AZUL_1200x400_transparente.png\",\"width\":1200,\"height\":484,\"caption\":\"Cl\u00ednica Veterin\u00e0ria General\"},\"image\":{\"@id\":\"https:\/\/veterinariageneral.com\/es\/#\/schema\/logo\/image\/\"},\"sameAs\":[\"https:\/\/www.facebook.com\/VeterinariaGeneral\/?locale=es_ES\",\"https:\/\/www.instagram.com\/vet_general\/\"]}]}<\/script>\n<!-- \/ Yoast SEO plugin. -->","yoast_head_json":{"title":"Equipo - Cl\u00ednica Veterin\u00e0ria General","robots":{"index":"index","follow":"follow","max-snippet":"max-snippet:-1","max-image-preview":"max-image-preview:large","max-video-preview":"max-video-preview:-1"},"canonical":"https:\/\/veterinariageneral.com\/es\/equipo\/","og_locale":"es_ES","og_type":"article","og_title":"Equipo - Cl\u00ednica Veterin\u00e0ria General","og_description":"Conoce a los expertos que est\u00e1n aqu\u00ed para mantener a tus mascotas felices y saludables. Nausica Cornad\u00f3 Pascual Ha realizado estancias y cursos en las Universidades de Estados Unidos en Misisipi e Illinois, Barcelona (UAB) y Zaragoza (Unizar). Adem\u00e1s ha estado en Hospitales en Melbourne (Australia) para especializarse en cirug\u00eda. Asiste de forma regular a [&hellip;]","og_url":"https:\/\/veterinariageneral.com\/es\/equipo\/","og_site_name":"Cl\u00ednica Veterin\u00e0ria General","article_publisher":"https:\/\/www.facebook.com\/VeterinariaGeneral\/?locale=es_ES","article_modified_time":"2024-07-24T19:14:14+00:00","twitter_card":"summary_large_image","twitter_misc":{"Est. reading time":"1 minute"},"schema":{"@context":"https:\/\/schema.org","@graph":[{"@type":"WebPage","@id":"https:\/\/veterinariageneral.com\/es\/equipo\/","url":"https:\/\/veterinariageneral.com\/es\/equipo\/","name":"Equipo - Cl\u00ednica Veterin\u00e0ria General","isPartOf":{"@id":"https:\/\/veterinariageneral.com\/es\/#website"},"datePublished":"2024-06-20T10:26:42+00:00","dateModified":"2024-07-24T19:14:14+00:00","breadcrumb":{"@id":"https:\/\/veterinariageneral.com\/es\/equipo\/#breadcrumb"},"inLanguage":"ES","potentialAction":[{"@type":"ReadAction","target":["https:\/\/veterinariageneral.com\/es\/equipo\/"]}]},{"@type":"BreadcrumbList","@id":"https:\/\/veterinariageneral.com\/es\/equipo\/#breadcrumb","itemListElement":[{"@type":"ListItem","position":1,"name":"Inici","item":"https:\/\/veterinariageneral.com\/es\/"},{"@type":"ListItem","position":2,"name":"Equipo"}]},{"@type":"WebSite","@id":"https:\/\/veterinariageneral.com\/es\/#website","url":"https:\/\/veterinariageneral.com\/es\/","name":"Cl\u00ednica Veterin\u00e0ria General","description":"","publisher":{"@id":"https:\/\/veterinariageneral.com\/es\/#organization"},"potentialAction":[{"@type":"SearchAction","target":{"@type":"EntryPoint","urlTemplate":"https:\/\/veterinariageneral.com\/es\/?s={search_term_string}"},"query-input":{"@type":"PropertyValueSpecification","valueRequired":true,"valueName":"search_term_string"}}],"inLanguage":"ES"},{"@type":"Organization","@id":"https:\/\/veterinariageneral.com\/es\/#organization","name":"Cl\u00ednica Veterin\u00e0ria General","url":"https:\/\/veterinariageneral.com\/es\/","logo":{"@type":"ImageObject","inLanguage":"ES","@id":"https:\/\/veterinariageneral.com\/es\/#\/schema\/logo\/image\/","url":"https:\/\/veterinariageneral.com\/wp-content\/uploads\/2024\/05\/logo_CVGB_AZUL_1200x400_transparente.png","contentUrl":"https:\/\/veterinariageneral.com\/wp-content\/uploads\/2024\/05\/logo_CVGB_AZUL_1200x400_transparente.png","width":1200,"height":484,"caption":"Cl\u00ednica Veterin\u00e0ria General"},"image":{"@id":"https:\/\/veterinariageneral.com\/es\/#\/schema\/logo\/image\/"},"sameAs":["https:\/\/www.facebook.com\/VeterinariaGeneral\/?locale=es_ES","https:\/\/www.instagram.com\/vet_general\/"]}]}},"_links":{"self":[{"href":"https:\/\/veterinariageneral.com\/es\/wp-json\/wp\/v2\/pages\/758","targetHints":{"allow":["GET"]}}],"collection":[{"href":"https:\/\/veterinariageneral.com\/es\/wp-json\/wp\/v2\/pages"}],"about":[{"href":"https:\/\/veterinariageneral.com\/es\/wp-json\/wp\/v2\/types\/page"}],"author":[{"embeddable":true,"href":"https:\/\/veterinariageneral.com\/es\/wp-json\/wp\/v2\/users\/1"}],"replies":[{"embeddable":true,"href":"https:\/\/veterinariageneral.com\/es\/wp-json\/wp\/v2\/comments?post=758"}],"version-history":[{"count":1,"href":"https:\/\/veterinariageneral.com\/es\/wp-json\/wp\/v2\/pages\/758\/revisions"}],"predecessor-version":[{"id":760,"href":"https:\/\/veterinariageneral.com\/es\/wp-json\/wp\/v2\/pages\/758\/revisions\/760"}],"wp:attachment":[{"href":"https:\/\/veterinariageneral.com\/es\/wp-json\/wp\/v2\/media?parent=758"}],"wp:term":[{"taxonomy":"folder","embeddable":true,"href":"https:\/\/veterinariageneral.com\/es\/wp-json\/wp\/v2\/folder?post=758"}],"curies":[{"name":"wp","href":"https:\/\/api.w.org\/{rel}","templated":true}]}}